{"id":366,"date":"2019-06-15T21:29:11","date_gmt":"2019-06-15T19:29:11","guid":{"rendered":"http:\/\/oubewe.eu\/?page_id=366"},"modified":"2023-11-25T13:19:14","modified_gmt":"2023-11-25T12:19:14","slug":"virginal","status":"publish","type":"page","link":"https:\/\/www.oubewe.be\/index.php\/pointsdevente\/virginal\/","title":{"rendered":"Virginal"},"content":{"rendered":"<h4>Sur place<\/h4>\n<ul>\n<li><a href=\"https:\/\/goo.gl\/maps\/wS2eSNtZMsFT7EB36\" target=\"_blank\" rel=\"noopener noreferrer\">L&rsquo;\u00c9table d&rsquo;H\u00f4tes<\/a> &#8211; Restaurant et salle de banquet<\/li>\n<\/ul>\n<h4><strong>Sur place et \u00e0 emporter<\/strong><\/h4>\n<ul>\n<li><a href=\"https:\/\/www.google.com\/maps\/place\/50%C2%B038'27.5%22N+4%C2%B012'15.1%22E\/@50.6409743,4.1997163,573m\/data=!3m2!1e3!4b1!4m12!1m7!3m6!1s0x47c3caf4ece66ec1:0xc16bc810e3e95b78!2sVIRGINAL+Plateau+du+Tram!8m2!3d50.641405!4d4.204683!16s%2Fg%2F11c0x8dxrg!3m3!8m2!3d50.640971!4d4.204201\" target=\"_blank\" rel=\"noopener\">March\u00e9 de Virginal<\/a> &#8211; tous les jeudis de 14h \u00e0 19h30<\/li>\n<\/ul>\n<p>&nbsp;<\/p>\n","protected":false},"excerpt":{"rendered":"<p>Sur place L&rsquo;\u00c9table d&rsquo;H\u00f4tes &#8211; Restaurant et salle de banquet Sur place et \u00e0 emporter March\u00e9 de Virginal &#8211; tous les jeudis de 14h \u00e0 19h30 &nbsp;<\/p>\n","protected":false},"author":2,"featured_media":0,"parent":2,"menu_order":0,"comment_status":"closed","ping_status":"closed","template":"","meta":{"footnotes":""},"class_list":["post-366","page","type-page","status-publish","hentry"],"jetpack_sharing_enabled":true,"_links":{"self":[{"href":"https:\/\/www.oubewe.be\/index.php\/wp-json\/wp\/v2\/pages\/366","targetHints":{"allow":["GET"]}}],"collection":[{"href":"https:\/\/www.oubewe.be\/index.php\/wp-json\/wp\/v2\/pages"}],"about":[{"href":"https:\/\/www.oubewe.be\/index.php\/wp-json\/wp\/v2\/types\/page"}],"author":[{"embeddable":true,"href":"https:\/\/www.oubewe.be\/index.php\/wp-json\/wp\/v2\/users\/2"}],"replies":[{"embeddable":true,"href":"https:\/\/www.oubewe.be\/index.php\/wp-json\/wp\/v2\/comments?post=366"}],"version-history":[{"count":5,"href":"https:\/\/www.oubewe.be\/index.php\/wp-json\/wp\/v2\/pages\/366\/revisions"}],"predecessor-version":[{"id":1663,"href":"https:\/\/www.oubewe.be\/index.php\/wp-json\/wp\/v2\/pages\/366\/revisions\/1663"}],"up":[{"embeddable":true,"href":"https:\/\/www.oubewe.be\/index.php\/wp-json\/wp\/v2\/pages\/2"}],"wp:attachment":[{"href":"https:\/\/www.oubewe.be\/index.php\/wp-json\/wp\/v2\/media?parent=366"}],"curies":[{"name":"wp","href":"https:\/\/api.w.org\/{rel}","templated":true}]}}