{"id":2,"date":"2019-05-26T11:26:34","date_gmt":"2019-05-26T09:26:34","guid":{"rendered":"http:\/\/oubewe.eu\/?page_id=2"},"modified":"2025-03-04T22:56:19","modified_gmt":"2025-03-04T21:56:19","slug":"pointsdevente","status":"publish","type":"page","link":"https:\/\/www.oubewe.be\/index.php\/pointsdevente\/","title":{"rendered":"O\u00f9 trouver nos produits?"},"content":{"rendered":"\r\n<h3 class=\"wp-block-heading\" style=\"text-align: left;\">La Triple de l&rsquo;Oub\u00e9w\u00e9 est disponible \u00e0 de nombreux endroits.<\/h3>\r\n\r\n\r\n\r\n\r\n\r\n<ul class=\"wp-block-list\">\r\n<li><strong><a href=\"http:\/\/oubewe.be\/index.php\/fr\/pointsdevente\/braine-le-chateau\/\">Braine-le-Ch\u00e2teau<\/a><\/strong><\/li>\r\n<li><strong><a href=\"http:\/\/oubewe.be\/index.php\/fr\/pointsdevente\/braine-le-comte\/\">Braine-le-Comte<\/a><\/strong><\/li>\r\n<li><a href=\"https:\/\/www.oubewe.be\/index.php\/fr\/pointsdevente\/clabecq\/\"><strong>Clabecq<\/strong><\/a><\/li>\r\n<li><strong><a href=\"http:\/\/oubewe.be\/index.php\/fr\/pointsdevente\/hennuyeres\/\">Hennuy\u00e8res<\/a><\/strong><\/li>\r\n<li><a href=\"https:\/\/www.oubewe.be\/index.php\/fr\/pointsdevente\/henripont\/\"><strong>Henripont<\/strong><\/a><\/li>\r\n<li><strong><a href=\"http:\/\/oubewe.be\/index.php\/fr\/pointsdevente\/ittre\/\">Ittre<\/a><\/strong><\/li>\r\n<li><strong><a href=\"http:\/\/oubewe.be\/index.php\/fr\/pointsdevente\/https:\/\/oubewe.eu\/index.php\/nivelles\/\">Nivelles<\/a><\/strong><\/li>\r\n<li><strong><a href=\"http:\/\/oubewe.be\/index.php\/fr\/pointsdevente\/rebecq\/\">Rebecq<\/a><\/strong><\/li>\r\n<li><strong><a href=\"https:\/\/www.oubewe.be\/index.php\/fr\/pointsdevente\/ronquieres\/\">Ronqui\u00e8res<\/a><\/strong><\/li>\r\n<li><strong><a href=\"http:\/\/oubewe.be\/index.php\/fr\/pointsdevente\/saintes\/\">Saintes<\/a><\/strong><\/li>\r\n<li><strong><a href=\"http:\/\/oubewe.be\/index.php\/fr\/pointsdevente\/soignies\/\">Soignies<\/a><\/strong><\/li>\r\n<li><strong><a href=\"http:\/\/oubewe.be\/index.php\/pointsdevente\/tubize\/\">Tubize<\/a><\/strong><\/li>\r\n<li><strong><a href=\"http:\/\/oubewe.be\/index.php\/pointsdevente\/virginal\/\">Virginal<\/a><\/strong><\/li>\r\n<li><strong><a href=\"http:\/\/oubewe.be\/index.php\/pointsdevente\/wauthier-braine\/\">Wauthier-Braine<\/a><\/strong><\/li>\r\n<\/ul>\r\n<p style=\"text-align: left;\">Si vous aussi vous souhaitez devenir distributeur de notre bi\u00e8re, <a href=\"http:\/\/oubewe.be\/index.php\/fr\/nous-contacter\/\">contactez-nous<\/a>. Nous vous rencontrerons et vous livrerons avec plaisir.<\/p>\r\n<p style=\"text-align: left;\">Les commerces qui se font habituellement livrer par Bertaux Fr\u00e8res SPRL peuvent directement commander aupr\u00e8s de ce dernier.\u00a0<\/p>\r\n","protected":false},"excerpt":{"rendered":"<p>La Triple de l&rsquo;Oub\u00e9w\u00e9 est disponible \u00e0 de nombreux endroits. Braine-le-Ch\u00e2teau Braine-le-Comte Clabecq Hennuy\u00e8res Henripont Ittre Nivelles Rebecq Ronqui\u00e8res Saintes Soignies Tubize Virginal Wauthier-Braine Si vous aussi vous souhaitez devenir distributeur de notre bi\u00e8re, contactez-nous. Nous vous rencontrerons et vous livrerons avec plaisir. Les commerces qui se font habituellement livrer par Bertaux Fr\u00e8res SPRL peuvent &hellip; <\/p>\n<p class=\"link-more\"><a href=\"https:\/\/www.oubewe.be\/index.php\/pointsdevente\/\" class=\"more-link\">Continuer la lecture<span class=\"screen-reader-text\"> de &laquo;&nbsp;O\u00f9 trouver nos produits?&nbsp;&raquo;<\/span><\/a><\/p>\n","protected":false},"author":1,"featured_media":0,"parent":0,"menu_order":0,"comment_status":"closed","ping_status":"open","template":"","meta":{"footnotes":""},"class_list":["post-2","page","type-page","status-publish","hentry"],"jetpack_sharing_enabled":true,"_links":{"self":[{"href":"https:\/\/www.oubewe.be\/index.php\/wp-json\/wp\/v2\/pages\/2","targetHints":{"allow":["GET"]}}],"collection":[{"href":"https:\/\/www.oubewe.be\/index.php\/wp-json\/wp\/v2\/pages"}],"about":[{"href":"https:\/\/www.oubewe.be\/index.php\/wp-json\/wp\/v2\/types\/page"}],"author":[{"embeddable":true,"href":"https:\/\/www.oubewe.be\/index.php\/wp-json\/wp\/v2\/users\/1"}],"replies":[{"embeddable":true,"href":"https:\/\/www.oubewe.be\/index.php\/wp-json\/wp\/v2\/comments?post=2"}],"version-history":[{"count":76,"href":"https:\/\/www.oubewe.be\/index.php\/wp-json\/wp\/v2\/pages\/2\/revisions"}],"predecessor-version":[{"id":1802,"href":"https:\/\/www.oubewe.be\/index.php\/wp-json\/wp\/v2\/pages\/2\/revisions\/1802"}],"wp:attachment":[{"href":"https:\/\/www.oubewe.be\/index.php\/wp-json\/wp\/v2\/media?parent=2"}],"curies":[{"name":"wp","href":"https:\/\/api.w.org\/{rel}","templated":true}]}}