{"id":141,"date":"2019-06-06T17:06:07","date_gmt":"2019-06-06T15:06:07","guid":{"rendered":"http:\/\/oubewe.eu\/?page_id=141"},"modified":"2023-11-25T12:57:51","modified_gmt":"2023-11-25T11:57:51","slug":"hennuyeres","status":"publish","type":"page","link":"https:\/\/www.oubewe.be\/index.php\/pointsdevente\/hennuyeres\/","title":{"rendered":"Hennuy\u00e8res"},"content":{"rendered":"\r\n<h4 class=\"wp-block-heading\">\u00c0 emporter<\/h4>\r\n\r\n\r\n\r\n<ul class=\"wp-block-list\">\r\n<li><a href=\"https:\/\/maps.app.goo.gl\/8yTD9LdwmCLDfxAt9\" target=\"_blank\" rel=\"noreferrer noopener\" aria-label=\"La Ferme du Joli Bois (s\u2019ouvre dans un nouvel onglet)\">La Ferme du Joli Bois<\/a> &#8211; March\u00e9 fermier<\/li>\r\n<li><a href=\"https:\/\/www.google.com\/maps\/place\/L'%C3%A9picerie+-+du+local+au+bio\/@50.6401364,4.1744637,631m\/data=!3m2!1e3!4b1!4m6!3m5!1s0x47c3b52f1695c741:0xc4daa1a4bf7b6c18!8m2!3d50.6401364!4d4.1770386!16s%2Fg%2F11h6qhshjz?entry=ttu\" target=\"_blank\" rel=\"noopener\">L&rsquo;\u00e9picerie &#8211; Du local au bio<\/a> &#8211; Epicerie\u00a0<\/li>\r\n<\/ul>\r\n<h4 class=\"wp-block-heading\">Sur place et \u00e0 emporter<\/h4>\r\n<ul>\r\n<li><a href=\"https:\/\/www.google.com\/maps\/place\/Friterie+%22Au+508%22\/@50.6494508,4.1787494,573m\/data=!3m2!1e3!4b1!4m6!3m5!1s0x47c3ca7f122c0fe1:0xaab5dc1ae7e0285!8m2!3d50.6494508!4d4.1809381!16s%2Fg%2F11clktpk_9\" target=\"_blank\" rel=\"noopener\">Friterie \u00ab\u00a0au 508\u00a0\u00bb<\/a> &#8211; friterie<\/li>\r\n<\/ul>\r\n","protected":false},"excerpt":{"rendered":"<p>\u00c0 emporter La Ferme du Joli Bois &#8211; March\u00e9 fermier L&rsquo;\u00e9picerie &#8211; Du local au bio &#8211; Epicerie\u00a0 Sur place et \u00e0 emporter Friterie \u00ab\u00a0au 508\u00a0\u00bb &#8211; friterie<\/p>\n","protected":false},"author":2,"featured_media":0,"parent":2,"menu_order":0,"comment_status":"closed","ping_status":"closed","template":"","meta":{"footnotes":""},"class_list":["post-141","page","type-page","status-publish","hentry"],"jetpack_sharing_enabled":true,"_links":{"self":[{"href":"https:\/\/www.oubewe.be\/index.php\/wp-json\/wp\/v2\/pages\/141","targetHints":{"allow":["GET"]}}],"collection":[{"href":"https:\/\/www.oubewe.be\/index.php\/wp-json\/wp\/v2\/pages"}],"about":[{"href":"https:\/\/www.oubewe.be\/index.php\/wp-json\/wp\/v2\/types\/page"}],"author":[{"embeddable":true,"href":"https:\/\/www.oubewe.be\/index.php\/wp-json\/wp\/v2\/users\/2"}],"replies":[{"embeddable":true,"href":"https:\/\/www.oubewe.be\/index.php\/wp-json\/wp\/v2\/comments?post=141"}],"version-history":[{"count":8,"href":"https:\/\/www.oubewe.be\/index.php\/wp-json\/wp\/v2\/pages\/141\/revisions"}],"predecessor-version":[{"id":1656,"href":"https:\/\/www.oubewe.be\/index.php\/wp-json\/wp\/v2\/pages\/141\/revisions\/1656"}],"up":[{"embeddable":true,"href":"https:\/\/www.oubewe.be\/index.php\/wp-json\/wp\/v2\/pages\/2"}],"wp:attachment":[{"href":"https:\/\/www.oubewe.be\/index.php\/wp-json\/wp\/v2\/media?parent=141"}],"curies":[{"name":"wp","href":"https:\/\/api.w.org\/{rel}","templated":true}]}}