{"id":1138,"date":"2019-09-16T20:15:10","date_gmt":"2019-09-16T18:15:10","guid":{"rendered":"http:\/\/www.oubewe.be\/?page_id=1138"},"modified":"2025-06-17T21:44:25","modified_gmt":"2025-06-17T19:44:25","slug":"tubize","status":"publish","type":"page","link":"https:\/\/www.oubewe.be\/index.php\/pointsdevente\/tubize\/","title":{"rendered":"Tubize"},"content":{"rendered":"\r\n<h4 class=\"wp-block-heading\">Sur place<\/h4>\r\n\r\n\r\n\r\n<ul class=\"wp-block-list\">\r\n<li><a href=\"https:\/\/maps.app.goo.gl\/tYdYkNk2P49hR3558\" target=\"_blank\" rel=\"noopener noreferrer\">Le R\u00e9gal<\/a> &#8211; Taverne &#8211; Resto<\/li>\r\n<li><a href=\"https:\/\/maps.app.goo.gl\/qAy1NLS5u9nvv85i9\" target=\"_blank\" rel=\"noopener noreferrer\">Taverne C\u00f4t\u00e9 Senne<\/a> &#8211; Taverne &#8211; Restaurant<\/li>\r\n<li><a href=\"https:\/\/goo.gl\/maps\/wBSnaQRztw6SdWU5A\" target=\"_blank\" rel=\"noopener noreferrer\">\u00c9tang de Coeurcq<\/a> &#8211; Taverne<\/li>\r\n<li><a href=\"https:\/\/www.google.com\/maps\/place\/Friterie+Des+Clos\/@50.6841347,4.2004299,630m\/data=!3m2!1e3!4b1!4m6!3m5!1s0x47c3ca1e7fb72135:0xc70959d6b0adcbd5!8m2!3d50.6841347!4d4.2030102!16s%2Fg%2F11g9jvbm1l?entry=ttu\" target=\"_blank\" rel=\"noopener\">Friterie des clos<\/a> &#8211; Friterie\u00a0<\/li>\r\n<li><a href=\"https:\/\/www.google.com\/maps\/place\/Pulcinella\/@50.6890803,4.1987125,630m\/data=!3m2!1e3!4b1!4m6!3m5!1s0x47c3c9f64e113ff3:0x765adf40683a41f0!8m2!3d50.6890803!4d4.2012928!16s%2Fg%2F1tjdfbzs?entry=ttu\" target=\"_blank\" rel=\"noopener\">Pulcinella<\/a> &#8211; Restaurant italien<\/li>\r\n<li><a href=\"https:\/\/www.google.com\/maps\/place\/Le+Bristol+Maes\/@50.6935004,4.2015034,630m\/data=!3m2!1e3!4b1!4m6!3m5!1s0x47c3c9f161b589c7:0xeb127a2b05e4659!8m2!3d50.6935004!4d4.2040837!16s%2Fg%2F11fmdlvncj?entry=ttu\" target=\"_blank\" rel=\"noopener\">Le Bristol<\/a> &#8211; Caf\u00e9<\/li>\r\n<li><a href=\"https:\/\/www.google.com\/maps\/place\/Il+Mediterraneo\/@50.690094,4.2029365,17z\/data=!3m1!4b1!4m6!3m5!1s0x47c3c9f4471dfaeb:0x6788556729a03052!8m2!3d50.690094!4d4.2055168!16s%2Fg%2F1tzztnyk?entry=ttu\" target=\"_blank\" rel=\"noopener\">Il Mediterraneo<\/a> &#8211; Restaurant italien<\/li>\r\n<\/ul>\r\n\r\n\r\n\r\n<h4 class=\"wp-block-heading\">\u00c0 emporter<\/h4>\r\n\r\n\r\n\r\n<ul class=\"wp-block-list\">\r\n<li><a href=\"https:\/\/maps.app.goo.gl\/UDTYJTUutKvTHFEPA\" target=\"_blank\" rel=\"noopener noreferrer\">La boucherie Freddy<\/a> &#8211; Boucherie<\/li>\r\n<li><a href=\"https:\/\/www.google.com\/maps\/place\/Mus%C3%A9e+communal+de+la+Porte\/@50.6959395,4.2013575,630m\/data=!3m2!1e3!4b1!4m6!3m5!1s0x47c3c9f1f5c390d1:0xccd534a08cb8f786!8m2!3d50.6959395!4d4.2039378!16s%2Fg%2F1tglm1ps?entry=ttu\" target=\"_blank\" rel=\"noopener\">Mus\u00e9e de la porte<\/a> &#8211; Mus\u00e9e<\/li>\r\n<\/ul>\r\n","protected":false},"excerpt":{"rendered":"<p>Sur place Le R\u00e9gal &#8211; Taverne &#8211; Resto Taverne C\u00f4t\u00e9 Senne &#8211; Taverne &#8211; Restaurant \u00c9tang de Coeurcq &#8211; Taverne Friterie des clos &#8211; Friterie\u00a0 Pulcinella &#8211; Restaurant italien Le Bristol &#8211; Caf\u00e9 Il Mediterraneo &#8211; Restaurant italien \u00c0 emporter La boucherie Freddy &#8211; Boucherie Mus\u00e9e de la porte &#8211; Mus\u00e9e<\/p>\n","protected":false},"author":2,"featured_media":0,"parent":2,"menu_order":0,"comment_status":"closed","ping_status":"closed","template":"","meta":{"footnotes":""},"class_list":["post-1138","page","type-page","status-publish","hentry"],"jetpack_sharing_enabled":true,"_links":{"self":[{"href":"https:\/\/www.oubewe.be\/index.php\/wp-json\/wp\/v2\/pages\/1138","targetHints":{"allow":["GET"]}}],"collection":[{"href":"https:\/\/www.oubewe.be\/index.php\/wp-json\/wp\/v2\/pages"}],"about":[{"href":"https:\/\/www.oubewe.be\/index.php\/wp-json\/wp\/v2\/types\/page"}],"author":[{"embeddable":true,"href":"https:\/\/www.oubewe.be\/index.php\/wp-json\/wp\/v2\/users\/2"}],"replies":[{"embeddable":true,"href":"https:\/\/www.oubewe.be\/index.php\/wp-json\/wp\/v2\/comments?post=1138"}],"version-history":[{"count":17,"href":"https:\/\/www.oubewe.be\/index.php\/wp-json\/wp\/v2\/pages\/1138\/revisions"}],"predecessor-version":[{"id":1876,"href":"https:\/\/www.oubewe.be\/index.php\/wp-json\/wp\/v2\/pages\/1138\/revisions\/1876"}],"up":[{"embeddable":true,"href":"https:\/\/www.oubewe.be\/index.php\/wp-json\/wp\/v2\/pages\/2"}],"wp:attachment":[{"href":"https:\/\/www.oubewe.be\/index.php\/wp-json\/wp\/v2\/media?parent=1138"}],"curies":[{"name":"wp","href":"https:\/\/api.w.org\/{rel}","templated":true}]}}